{"id":3433,"date":"2012-06-27T10:43:48","date_gmt":"2012-06-27T10:43:48","guid":{"rendered":"http:\/\/themes.devatic.com\/daisho\/?page_id=3433"},"modified":"2018-09-24T09:21:53","modified_gmt":"2018-09-24T09:21:53","slug":"architecte","status":"publish","type":"page","link":"https:\/\/www.bcarchi.com\/","title":{"rendered":"Portfolio borrell charon architectes"},"content":{"rendered":"<p>Borrell charon architectes est une agence d&rsquo;architecture\u00a0Toulousaine,\u00a0pluridisciplinaire qui vous accompagnera dans vos r\u00e9alisations, des \u00e9tudes \u00e0 la livraison. Notre approche du projet passe tout d&rsquo;abord par l&rsquo;\u00e9coute.<\/p>\n<p>Prim\u00e9s du BIM d&rsquo;argent 2018 coup de c\u0153ur du jury, nous axons notre travail sur une d\u00e9marche BIM.<\/p>\n","protected":false},"excerpt":{"rendered":"<p>Borrell charon architectes est une agence d&rsquo;architecture\u00a0Toulousaine,\u00a0pluridisciplinaire qui vous accompagnera dans vos r\u00e9alisations, des \u00e9tudes \u00e0 la livraison. Notre approche du projet passe tout d&rsquo;abord par l&rsquo;\u00e9coute. Prim\u00e9s du BIM d&rsquo;argent 2018 coup de c\u0153ur du jury, nous axons notre travail sur une d\u00e9marche BIM.<\/p>\n","protected":false},"author":1,"featured_media":0,"parent":0,"menu_order":0,"comment_status":"closed","ping_status":"closed","template":"template-portfolio.php","meta":[],"_links":{"self":[{"href":"https:\/\/www.bcarchi.com\/index.php?rest_route=\/wp\/v2\/pages\/3433"}],"collection":[{"href":"https:\/\/www.bcarchi.com\/index.php?rest_route=\/wp\/v2\/pages"}],"about":[{"href":"https:\/\/www.bcarchi.com\/index.php?rest_route=\/wp\/v2\/types\/page"}],"author":[{"embeddable":true,"href":"https:\/\/www.bcarchi.com\/index.php?rest_route=\/wp\/v2\/users\/1"}],"replies":[{"embeddable":true,"href":"https:\/\/www.bcarchi.com\/index.php?rest_route=%2Fwp%2Fv2%2Fcomments&post=3433"}],"version-history":[{"count":0,"href":"https:\/\/www.bcarchi.com\/index.php?rest_route=\/wp\/v2\/pages\/3433\/revisions"}],"wp:attachment":[{"href":"https:\/\/www.bcarchi.com\/index.php?rest_route=%2Fwp%2Fv2%2Fmedia&parent=3433"}],"curies":[{"name":"wp","href":"https:\/\/api.w.org\/{rel}","templated":true}]}}