{"id":4841,"date":"2018-09-20T09:50:40","date_gmt":"2018-09-20T09:50:40","guid":{"rendered":"https:\/\/palaplayastudio.com\/bcbc\/?page_id=4841"},"modified":"2018-10-10T13:11:07","modified_gmt":"2018-10-10T13:11:07","slug":"bim","status":"publish","type":"page","link":"https:\/\/www.bcarchi.com\/?page_id=4841","title":{"rendered":"BIM"},"content":{"rendered":"<section class=\"wpb-content-wrapper\"><p>[vc_row][vc_column width=\u00a0\u00bb1\/1&Prime;][vc_column_text]<\/p>\n<h4>Nous sommes r\u00e9compens\u00e9 en tant que <strong>BIM Manager<\/strong> pour le projet \u00c9nergie 3D construction, d&rsquo;une maison de sant\u00e9 pluriprofessionnelle \u00e0 Prat-Bonrepaux.<\/h4>\n<p>[\/vc_column_text][vc_single_image image=\u00a0\u00bb4886&Prime; alignment=\u00a0\u00bbcenter\u00a0\u00bb border_color=\u00a0\u00bbgrey\u00a0\u00bb img_link_target=\u00a0\u00bb_self\u00a0\u00bb img_size=\u00a0\u00bbfull\u00a0\u00bb][vc_column_text]<\/p>\n<pre>\u00a9 C+B Architecture<\/pre>\n<p>[\/vc_column_text][\/vc_column][\/vc_row][vc_row][vc_column width=\u00a0\u00bb1\/1&Prime;][vc_single_image image=\u00a0\u00bb5027&Prime; alignment=\u00a0\u00bbcenter\u00a0\u00bb border_color=\u00a0\u00bbgrey\u00a0\u00bb img_link_target=\u00a0\u00bb_blank\u00a0\u00bb img_size=\u00a0\u00bbfull\u00a0\u00bb link=\u00a0\u00bbhttps:\/\/www.lemoniteur.fr\/article\/bim-d-or-voici-le-palmares-2018.1991009#xtor=EPR-12&amp;utm_source=newsletter&amp;utm_medium=email&amp;utm_campaign=techniqueetcds&amp;email=celine.viard@groupemoniteur.fr\u00a0\u00bb][vc_row_inner][vc_column_inner width=\u00a0\u00bb1\/2&Prime;][vc_single_image image=\u00a0\u00bb5021&Prime; border_color=\u00a0\u00bbgrey\u00a0\u00bb img_link_target=\u00a0\u00bb_blank\u00a0\u00bb img_size=\u00a0\u00bbfull\u00a0\u00bb alignment=\u00a0\u00bbcenter\u00a0\u00bb link=\u00a0\u00bbhttps:\/\/www.lemoniteur.fr\/article\/bim-d-or-voici-le-palmares-2018.1991009#xtor=EPR-12&amp;utm_source=newsletter&amp;utm_medium=email&amp;utm_campaign=techniqueetcds&amp;email=celine.viard@groupemoniteur.fr\u00a0\u00bb][\/vc_column_inner][vc_column_inner width=\u00a0\u00bb1\/2&Prime;][vc_single_image image=\u00a0\u00bb5020&Prime; alignment=\u00a0\u00bbcenter\u00a0\u00bb border_color=\u00a0\u00bbgrey\u00a0\u00bb img_link_target=\u00a0\u00bb_blank\u00a0\u00bb img_size=\u00a0\u00bbfull\u00a0\u00bb link=\u00a0\u00bbhttps:\/\/www.lemoniteur.fr\/article\/bim-d-or-voici-le-palmares-2018.1991009#xtor=EPR-12&amp;utm_source=newsletter&amp;utm_medium=email&amp;utm_campaign=techniqueetcds&amp;email=celine.viard@groupemoniteur.fr\u00a0\u00bb][vc_single_image image=\u00a0\u00bb4868&Prime; alignment=\u00a0\u00bbcenter\u00a0\u00bb border_color=\u00a0\u00bbgrey\u00a0\u00bb img_link_target=\u00a0\u00bb_blank\u00a0\u00bb img_size=\u00a0\u00bbfull\u00a0\u00bb link=\u00a0\u00bbhttps:\/\/www.lemoniteur.fr\/article\/bim-d-or-voici-le-palmares-2018.1991009#xtor=EPR-12&amp;utm_source=newsletter&amp;utm_medium=email&amp;utm_campaign=techniqueetcds&amp;email=celine.viard@groupemoniteur.fr\u00a0\u00bb][\/vc_column_inner][\/vc_row_inner][vc_row_inner][vc_column_inner width=\u00a0\u00bb1\/2&Prime;][vc_single_image image=\u00a0\u00bb5022&Prime; border_color=\u00a0\u00bbgrey\u00a0\u00bb img_link_target=\u00a0\u00bb_blank\u00a0\u00bb img_size=\u00a0\u00bbfull\u00a0\u00bb alignment=\u00a0\u00bbcenter\u00a0\u00bb link=\u00a0\u00bbhttps:\/\/www.lemoniteur.fr\/article\/bim-d-or-voici-le-palmares-2018.1991009#xtor=EPR-12&amp;utm_source=newsletter&amp;utm_medium=email&amp;utm_campaign=techniqueetcds&amp;email=celine.viard@groupemoniteur.fr\u00a0\u00bb][\/vc_column_inner][vc_column_inner width=\u00a0\u00bb1\/2&Prime;][vc_single_image image=\u00a0\u00bb5023&Prime; alignment=\u00a0\u00bbcenter\u00a0\u00bb border_color=\u00a0\u00bbgrey\u00a0\u00bb img_link_target=\u00a0\u00bb_blank\u00a0\u00bb img_size=\u00a0\u00bbfull\u00a0\u00bb link=\u00a0\u00bbhttps:\/\/www.lemoniteur.fr\/article\/bim-d-or-voici-le-palmares-2018.1991009#xtor=EPR-12&amp;utm_source=newsletter&amp;utm_medium=email&amp;utm_campaign=techniqueetcds&amp;email=celine.viard@groupemoniteur.fr\u00a0\u00bb][\/vc_column_inner][\/vc_row_inner][vc_row_inner][vc_column_inner width=\u00a0\u00bb1\/2&Prime;][vc_separator color=\u00a0\u00bbgrey\u00a0\u00bb][vc_column_text]<\/p>\n<h4 style=\"text-align: center;\">Et aussi un article dans la D\u00e9p\u00eache du Midi.<\/h4>\n<p>[\/vc_column_text][vc_separator color=\u00a0\u00bbgrey\u00a0\u00bb][\/vc_column_inner][vc_column_inner width=\u00a0\u00bb1\/2&Prime;][vc_single_image image=\u00a0\u00bb5158&Prime; border_color=\u00a0\u00bbgrey\u00a0\u00bb img_link_target=\u00a0\u00bb_self\u00a0\u00bb img_size=\u00a0\u00bbfull\u00a0\u00bb][\/vc_column_inner][\/vc_row_inner][\/vc_column][\/vc_row][vc_row][vc_column width=\u00a0\u00bb1\/1&Prime;][vc_row_inner][vc_column_inner width=\u00a0\u00bb1\/1&Prime;][vc_column_text]<\/p>\n<p>En lien avec le travail de construction de la Charte ACDC, Le lyc\u00e9e des m\u00e9tiers Aristide Berg\u00e8s, en 2011, met en avant un constat pr\u00e9occupant face \u00e0 des orientations internationales et nationales : il y a sur le territoire, un manque de performance num\u00e9rique des entreprises du b\u00e2timent. En 2015, un appel \u00e0 projet national est lanc\u00e9 pour exp\u00e9rimenter, tester ces nouvelles m\u00e9thodes de travail et r\u00e9pondre \u00e0 la question de la qualit\u00e9 de la construction et de la performance \u00e9nerg\u00e9tique : le programme PACTE = Programme d\u2019Actions pour la qualit\u00e9 de la Construction et la Transition Energ\u00e9tique. Il est associ\u00e9 \u00e0 un programme en faveur de la mont\u00e9e en comp\u00e9tences des professionnels du b\u00e2timent sur le num\u00e9rique : Plan de Transition Num\u00e9rique du B\u00e2timent (PTNB). Face aux actions initi\u00e9es, cet appel \u00e0 projet est une opportunit\u00e9 de structurer l\u2019exp\u00e9rimentation et l\u2019anticipation num\u00e9rique et \u00e9nerg\u00e9tique. Ainsi \u00e0 un appel \u00e0 candidature est lanc\u00e9 aupr\u00e8s des collectivit\u00e9s territoriales du Couserans. Sur trois potentiels projets, celui de la construction de la Maison de Sant\u00e9 Pluriprofessionnelle (MSP) de Prat-Bonrepaux est retenu. Le dossier de candidature est construit avec les partenaires suivants : la communaut\u00e9 des communes Couserans Pyr\u00e9n\u00e9es et la mairie de Prat-Bonrepaux ; le Lyc\u00e9e Berg\u00e8s ; la CAPEB-CNATP, la Chambre de M\u00e9tiers et de l\u2019Artisanat de l\u2019Ari\u00e8ge et le Centre de Formations aux M\u00e9tiers (CMA-CFM). Sur un programme op\u00e9rationnel d\u2019actions de formations, la mise en \u0153uvre d\u2019un chantier concret et la volont\u00e9 de r\u00e9aliser ce chantier avec les techniques num\u00e9riques (BIM) et de fa\u00e7on exemplaire en terme de consommation d\u2019\u00e9nergie (BEPOS), le dossier du Couserans retient toute l\u2019attention des membres du jury national, qui d\u00e9cident de le retenir. Energie 3D Construction na\u00eet.<\/p>\n<p>[\/vc_column_text][\/vc_column_inner][\/vc_row_inner][vc_row_inner][vc_column_inner width=\u00a0\u00bb1\/1&Prime;][vc_single_image image=\u00a0\u00bb5170&Prime; alignment=\u00a0\u00bbcenter\u00a0\u00bb border_color=\u00a0\u00bbgrey\u00a0\u00bb img_link_target=\u00a0\u00bb_self\u00a0\u00bb img_size=\u00a0\u00bbfull\u00a0\u00bb][\/vc_column_inner][\/vc_row_inner][\/vc_column][\/vc_row][vc_row][vc_column width=\u00a0\u00bb1\/1&Prime;][vc_row_inner][vc_column_inner width=\u00a0\u00bb1\/1&Prime;][vc_column_text]<\/p>\n<h2 style=\"text-align: center;\">Quelques explications sur\u00a0notre vision du BIM<\/h2>\n<p>[\/vc_column_text][vc_separator color=\u00a0\u00bbgrey\u00a0\u00bb][\/vc_column_inner][\/vc_row_inner][vc_row_inner][vc_column_inner width=\u00a0\u00bb1\/1&Prime;][vc_column_text]La technologie\u00a0<strong>BIM<\/strong>\u00a0(<strong>B<\/strong>uilding\u00a0<strong>I<\/strong>nformation\u00a0<strong>M<\/strong>odeling) est de mani\u00e8re g\u00e9n\u00e9rale, un processus qui implique la cr\u00e9ation et l&rsquo;utilisation d&rsquo;un mod\u00e8le\u00a03D intelligent pour prendre de meilleures d\u00e9cisions concernant un projet et les communiquer.<\/p>\n<p>Notre vision du\u00a0<strong>BIM<\/strong>\u00a0pourrait se traduire par\u00a0<strong>B<\/strong>\u00e2tir\u00a0<strong>I<\/strong>ntelligemment et\u00a0<strong>M<\/strong>ieux. Cela illustre tr\u00e8s bien ce process. C\u2019est un changement majeur pour la fili\u00e8re b\u00e2timent et les principaux acteurs l\u2019on d\u00e9j\u00e0 bien comprit. Ils ont commenc\u00e9s \u00e0 int\u00e9grer les \u00e9volutions n\u00e9cessaires \u00e0 cette r\u00e9volution dans les m\u00e9thodes de travail. L\u2019agence\u00a0<strong>Borrell Charon Architectes<\/strong>\u00a0est elle-m\u00eame impliqu\u00e9e dans le\u00a0<strong>BIM<\/strong>\u00a0depuis 2012, de par l\u2019enseignement au sein de l\u2019Ecole Nationale d\u2019Architecture de Toulouse par Beno\u00eet Borrell du logiciel Revit. Fort de son exp\u00e9rience, l\u2019agence\u00a0<strong>Borrell Charon Architectes<\/strong>, a su mettre en place une m\u00e9canique de projet collaborative ente les diff\u00e9rents acteurs du projet.[\/vc_column_text][\/vc_column_inner][\/vc_row_inner][\/vc_column][\/vc_row][vc_row][vc_column width=\u00a0\u00bb1\/1&Prime;][vc_row_inner][vc_column_inner width=\u00a0\u00bb1\/1&Prime;][vc_column_text]Il nous parait \u00e9vident et essentiel que l\u2019architecte soit le chef d\u2019orchestre de la maquette\u00a0<strong>BIM<\/strong>\u00a0car c\u2019est le seul \u00e0 avoir une vision globale du projet. Il ne faut pas oublier que l\u2019architecte est le seul intervenant qui poss\u00e8de l\u2019historique int\u00e9gral du projet, du premier coup de crayon jusqu\u2019\u00e0 la livraison du b\u00e2timent, voire \u00e0 sa r\u00e9habilitation. Il est donc le seul, \u00e0 m\u00eame de faire respecter les int\u00e9r\u00eats de la ma\u00eetrise d\u2019ouvrage. La centralit\u00e9 des informations sur une maquette 3D unique, pilot\u00e9e par l\u2019architecte, est un excellent moyen de synth\u00e9tiser l\u2019ensemble des informations.<\/p>\n<p>La\u00a0 maquette num\u00e9rique\u00a0<strong>BIM<\/strong>, permet de d\u00e9tecter les faiblesses le plus en amont possible, afin de rendre la conception la plus coh\u00e9rente possible par rapport au r\u00e9el construit. Le gain principal est bien la r\u00e9duction des erreurs sur chantier au travers de la diminution des co\u00fbts associ\u00e9s \u00e0 ces erreurs, et donc de raccourcir les d\u00e9lais de phase chantier.[\/vc_column_text][\/vc_column_inner][\/vc_row_inner][vc_single_image image=\u00a0\u00bb4889&Prime; alignment=\u00a0\u00bbcenter\u00a0\u00bb border_color=\u00a0\u00bbgrey\u00a0\u00bb img_link_target=\u00a0\u00bb_self\u00a0\u00bb img_size=\u00a0\u00bbfull\u00a0\u00bb][vc_row_inner][vc_column_inner width=\u00a0\u00bb1\/1&Prime;][vc_column_text]<\/p>\n<h4>D\u00e8s le d\u00e9but de l\u2019esquisse notre agence BCA peut d\u00e9poser la maquette num\u00e9rique sur un serveur partag\u00e9. Les diff\u00e9rents intervenant du projet de la ma\u00eetrise d\u2019\u0153uvre ont acc\u00e8s \u00e0 cette maquette et peuvent avoir une lecture directe de l\u2019\u00e9volution des \u00e9tudes.<\/h4>\n<p>[\/vc_column_text][\/vc_column_inner][\/vc_row_inner][\/vc_column][\/vc_row][vc_row][vc_column width=\u00a0\u00bb1\/1&Prime;][vc_row_inner][vc_column_inner width=\u00a0\u00bb1\/1&Prime;][vc_single_image image=\u00a0\u00bb4918&Prime; alignment=\u00a0\u00bbcenter\u00a0\u00bb border_color=\u00a0\u00bbgrey\u00a0\u00bb img_link_target=\u00a0\u00bb_self\u00a0\u00bb img_size=\u00a0\u00bbfull\u00a0\u00bb][\/vc_column_inner][\/vc_row_inner][vc_row_inner][vc_column_inner width=\u00a0\u00bb1\/1&Prime;][vc_single_image image=\u00a0\u00bb4921&Prime; border_color=\u00a0\u00bbgrey\u00a0\u00bb img_link_target=\u00a0\u00bb_self\u00a0\u00bb img_size=\u00a0\u00bbfull\u00a0\u00bb][\/vc_column_inner][\/vc_row_inner][vc_row_inner][vc_column_inner width=\u00a0\u00bb1\/1&Prime;][vc_column_text]En phase AVP, puis en phase PRO les diff\u00e9rents acteurs de l\u2019\u00e9quipe de conception peuvent r\u00e9cup\u00e9rer les informations guid\u00e9es par la maquette et impl\u00e9menter leurs modifications en temps r\u00e9el. Les bureaux d\u2019\u00e9tude fluides et structures sont \u00e0 m\u00eame de dimensionner leurs ouvrages. Une avant \u00e9tude thermique peut alors \u00eatre mise en \u0153uvre pour tester le bon sens de l\u2019\u0153uvre architecturale. L\u2019acousticien peut \u00a0intervenir sur la qualit\u00e9, la position dans l\u2019espace et l\u2019efficacit\u00e9 des proc\u00e9d\u00e9s utilis\u00e9s. L\u2019\u00e9conomiste peut d\u2019ores et d\u00e9j\u00e0 commencer \u00e0 \u00e9tablir des notions d\u2019\u00e9conomie du b\u00e2timent, afin de ma\u00eetriser le co\u00fbt de l\u2019id\u00e9e architecturale. La maquette peut \u00eatre diffus\u00e9e aux diff\u00e9rents fournisseurs (menuiseries ext\u00e9rieures, pr\u00e9-fabricateurs b\u00e9ton, etc\u2026) pour aider \u00e0 l\u2019optimisation du projet. \u00a0La circulation de l\u2019information devient simple, efficace, sans perte. La ma\u00eetrise d\u2019ouvrage se projette plus facilement dans son projet, elle peut se d\u00e9placer virtuellement dans l\u2019ensemble du b\u00e2timent, appr\u00e9hender l\u2019impact sur le site, d\u2019\u00e9tablir la rentabilit\u00e9 \u00e9conomique de son futur b\u00e2timent. Le\u00a0<strong>BIM<\/strong>\u00a0nous permet de g\u00e9n\u00e9rer un travail collaboratif homog\u00e8ne, tout en cr\u00e9ant du lien humain entre les diff\u00e9rents acteurs, la maquette num\u00e9rique f\u00e9d\u00e8re, motive et implique les diff\u00e9rents acteurs du projet.<\/p>\n<p>En phase DCE, la maquette peut \u00eatre diffus\u00e9e aux entreprises consult\u00e9es, pour mieux appr\u00e9hender le projet, \u00a0pour limiter les incompr\u00e9hensions, pour contr\u00f4ler leurs quantit\u00e9s, pour avoir une vision globale du projet, pour mieux d\u00e9finir leurs limites de prestations.<\/p>\n<p>En phase DET, la maquette\u00a0<strong>BIM<\/strong>\u00a0devient un outil de synth\u00e8se puissant, qui limite les aberrations. Elle \u00e9volue au fil du chantier, elle s\u2019impl\u00e9mente des variantes valid\u00e9es, des travaux modificatifs demand\u00e9s par la ma\u00eetrise d\u2019ouvrage, pour finalement proposer \u00e0 la livraison un DOE global et fid\u00e8le \u00e0 la r\u00e9alisation.<\/p>\n<p>Le retour sur investissement le plus important ira \u00e0 la ma\u00eetrise d\u2019ouvrage qui, gr\u00e2ce \u00e0 la maquette num\u00e9rique, va assurer une gestion plus fine du b\u00e2timent tout au long de son cycle de vie, et nous savons tous que c\u2019est la phase la plus co\u00fbteuse dans la vie d\u2019un b\u00e2timent. Nous proposons \u00e0 la ma\u00eetrise d\u2019ouvrage de poss\u00e9der un v\u00e9ritable carnet de sant\u00e9 de son b\u00e2timent, jusqu&rsquo;\u00e0 sa d\u00e9molition.[\/vc_column_text][\/vc_column_inner][\/vc_row_inner][\/vc_column][\/vc_row]<\/p>\n<\/section>","protected":false},"excerpt":{"rendered":"<p>[vc_row][vc_column width=\u00a0\u00bb1\/1&Prime;][vc_column_text] Nous sommes r\u00e9compens\u00e9 en tant que BIM Manager pour le projet \u00c9nergie 3D construction, d&rsquo;une maison de sant\u00e9 pluriprofessionnelle \u00e0 Prat-Bonrepaux. [\/vc_column_text][vc_single_image image=\u00a0\u00bb4886&Prime; alignment=\u00a0\u00bbcenter\u00a0\u00bb border_color=\u00a0\u00bbgrey\u00a0\u00bb img_link_target=\u00a0\u00bb_self\u00a0\u00bb img_size=\u00a0\u00bbfull\u00a0\u00bb][vc_column_text] \u00a9 C+B Architecture [\/vc_column_text][\/vc_column][\/vc_row][vc_row][vc_column width=\u00a0\u00bb1\/1&Prime;][vc_single_image image=\u00a0\u00bb5027&Prime; alignment=\u00a0\u00bbcenter\u00a0\u00bb border_color=\u00a0\u00bbgrey\u00a0\u00bb img_link_target=\u00a0\u00bb_blank\u00a0\u00bb img_size=\u00a0\u00bbfull\u00a0\u00bb link=\u00a0\u00bbhttps:\/\/www.lemoniteur.fr\/article\/bim-d-or-voici-le-palmares-2018.1991009#xtor=EPR-12&amp;utm_source=newsletter&amp;utm_medium=email&amp;utm_campaign=techniqueetcds&amp;email=celine.viard@groupemoniteur.fr\u00a0\u00bb][vc_row_inner][vc_column_inner width=\u00a0\u00bb1\/2&Prime;][vc_single_image image=\u00a0\u00bb5021&Prime; border_color=\u00a0\u00bbgrey\u00a0\u00bb img_link_target=\u00a0\u00bb_blank\u00a0\u00bb img_size=\u00a0\u00bbfull\u00a0\u00bb alignment=\u00a0\u00bbcenter\u00a0\u00bb link=\u00a0\u00bbhttps:\/\/www.lemoniteur.fr\/article\/bim-d-or-voici-le-palmares-2018.1991009#xtor=EPR-12&amp;utm_source=newsletter&amp;utm_medium=email&amp;utm_campaign=techniqueetcds&amp;email=celine.viard@groupemoniteur.fr\u00a0\u00bb][\/vc_column_inner][vc_column_inner width=\u00a0\u00bb1\/2&Prime;][vc_single_image image=\u00a0\u00bb5020&Prime; alignment=\u00a0\u00bbcenter\u00a0\u00bb border_color=\u00a0\u00bbgrey\u00a0\u00bb img_link_target=\u00a0\u00bb_blank\u00a0\u00bb img_size=\u00a0\u00bbfull\u00a0\u00bb link=\u00a0\u00bbhttps:\/\/www.lemoniteur.fr\/article\/bim-d-or-voici-le-palmares-2018.1991009#xtor=EPR-12&amp;utm_source=newsletter&amp;utm_medium=email&amp;utm_campaign=techniqueetcds&amp;email=celine.viard@groupemoniteur.fr\u00a0\u00bb][vc_single_image image=\u00a0\u00bb4868&Prime; alignment=\u00a0\u00bbcenter\u00a0\u00bb border_color=\u00a0\u00bbgrey\u00a0\u00bb img_link_target=\u00a0\u00bb_blank\u00a0\u00bb img_size=\u00a0\u00bbfull\u00a0\u00bb link=\u00a0\u00bbhttps:\/\/www.lemoniteur.fr\/article\/bim-d-or-voici-le-palmares-2018.1991009#xtor=EPR-12&amp;utm_source=newsletter&amp;utm_medium=email&amp;utm_campaign=techniqueetcds&amp;email=celine.viard@groupemoniteur.fr\u00a0\u00bb][\/vc_column_inner][\/vc_row_inner][vc_row_inner][vc_column_inner width=\u00a0\u00bb1\/2&Prime;][vc_single_image image=\u00a0\u00bb5022&Prime; border_color=\u00a0\u00bbgrey\u00a0\u00bb img_link_target=\u00a0\u00bb_blank\u00a0\u00bb img_size=\u00a0\u00bbfull\u00a0\u00bb alignment=\u00a0\u00bbcenter\u00a0\u00bb link=\u00a0\u00bbhttps:\/\/www.lemoniteur.fr\/article\/bim-d-or-voici-le-palmares-2018.1991009#xtor=EPR-12&amp;utm_source=newsletter&amp;utm_medium=email&amp;utm_campaign=techniqueetcds&amp;email=celine.viard@groupemoniteur.fr\u00a0\u00bb][\/vc_column_inner][vc_column_inner width=\u00a0\u00bb1\/2&Prime;][vc_single_image image=\u00a0\u00bb5023&Prime; alignment=\u00a0\u00bbcenter\u00a0\u00bb border_color=\u00a0\u00bbgrey\u00a0\u00bb img_link_target=\u00a0\u00bb_blank\u00a0\u00bb img_size=\u00a0\u00bbfull\u00a0\u00bb link=\u00a0\u00bbhttps:\/\/www.lemoniteur.fr\/article\/bim-d-or-voici-le-palmares-2018.1991009#xtor=EPR-12&amp;utm_source=newsletter&amp;utm_medium=email&amp;utm_campaign=techniqueetcds&amp;email=celine.viard@groupemoniteur.fr\u00a0\u00bb][\/vc_column_inner][\/vc_row_inner][vc_row_inner][vc_column_inner width=\u00a0\u00bb1\/2&Prime;][vc_separator color=\u00a0\u00bbgrey\u00a0\u00bb][vc_column_text] Et aussi un article&#8230;<\/p>\n","protected":false},"author":1,"featured_media":0,"parent":0,"menu_order":0,"comment_status":"closed","ping_status":"closed","template":"","meta":[],"_links":{"self":[{"href":"https:\/\/www.bcarchi.com\/index.php?rest_route=\/wp\/v2\/pages\/4841"}],"collection":[{"href":"https:\/\/www.bcarchi.com\/index.php?rest_route=\/wp\/v2\/pages"}],"about":[{"href":"https:\/\/www.bcarchi.com\/index.php?rest_route=\/wp\/v2\/types\/page"}],"author":[{"embeddable":true,"href":"https:\/\/www.bcarchi.com\/index.php?rest_route=\/wp\/v2\/users\/1"}],"replies":[{"embeddable":true,"href":"https:\/\/www.bcarchi.com\/index.php?rest_route=%2Fwp%2Fv2%2Fcomments&post=4841"}],"version-history":[{"count":0,"href":"https:\/\/www.bcarchi.com\/index.php?rest_route=\/wp\/v2\/pages\/4841\/revisions"}],"wp:attachment":[{"href":"https:\/\/www.bcarchi.com\/index.php?rest_route=%2Fwp%2Fv2%2Fmedia&parent=4841"}],"curies":[{"name":"wp","href":"https:\/\/api.w.org\/{rel}","templated":true}]}}